{"id":16,"date":"2025-06-24T03:36:05","date_gmt":"2025-06-24T03:36:05","guid":{"rendered":"https:\/\/viajasegurohoy.com\/?page_id=16"},"modified":"2025-07-23T16:09:03","modified_gmt":"2025-07-23T16:09:03","slug":"viaja-seguro-hoy","status":"publish","type":"page","link":"https:\/\/viajasegurohoy.com\/","title":{"rendered":"Viaja Seguro Hoy"},"content":{"rendered":"<h1 class=\"wp-block-site-title\"><a href=\"https:\/\/viajasegurohoy.com\" target=\"_self\" rel=\"home\">Viaja Seguro Hoy<\/a><\/h1>\n\n\n<div style=\"height:100px\" aria-hidden=\"true\" class=\"wp-block-spacer\"><\/div>\n\n\n\n<p class=\"has-text-align-left\"><strong>Cotiza y compra tu seguro de viaje 100% online \u2013 R\u00e1pido y confiable.<\/strong><\/p>\n\n\n\n<p>Haz clic en cualquiera de los botones seg\u00fan tu destino.<\/p>\n\n\n\n<div class=\"wp-block-buttons alignwide is-layout-flex wp-block-buttons-is-layout-flex\">\n<div class=\"wp-block-button\"><a class=\"wp-block-button__link wp-element-button\" href=\"https:\/\/portal.trawickinternational.com\/quote\/product\/564?agent=9823\" target=\"_blank\" rel=\"noreferrer noopener\">Seguro para viajes a EE.UU. \ud83c\uddfa\ud83c\uddf8<\/a><\/div>\n\n\n\n<div class=\"wp-block-button\"><a class=\"wp-block-button__link wp-element-button\" href=\"https:\/\/portal.trawickinternational.com\/quote\/product\/523?agent=9823\" target=\"_blank\" rel=\"noreferrer noopener\">Seguro para el resto del mundo \ud83c\udf0d<\/a><\/div>\n\n\n\n<div class=\"wp-block-button\"><a class=\"wp-block-button__link wp-element-button\" href=\"https:\/\/quote.worldtrips.com\/AtlasTravel\/Home?language=es-MX&amp;referid=2799101002\" target=\"_blank\" rel=\"noreferrer noopener\">Otra alternativa con Atlas Travel \ud83d\udcb8<\/a><\/div>\n\n\n\n<div class=\"wp-block-button\"><a class=\"wp-block-button__link wp-element-button\" href=\"https:\/\/quote.worldtrips.com\/atlasmultitrip\/?language=es-MX&amp;referid=2799101002&amp;_gl=1*17d0usb*_gcl_au*MzczMzQ0NjAxLjE3NDI4NjExMTY.*_ga*MTkyMTU1MTQzMC4xNzM0NzQxMTU1*_ga_PQWJXF5620*czE3NTAzMzQwODQkbzMyJGcxJHQxNzUwMzM0MDkyJGo1MiRsMCRoMA..\" target=\"_blank\" rel=\"noreferrer noopener\">\ud83d\udd01 Viajo varias veces al a\u00f1o \u2013 Atlas MultiTrip<\/a><\/div>\n\n\n\n<div class=\"wp-block-button\"><a class=\"wp-block-button__link wp-element-button\" href=\"https:\/\/quote.worldtrips.com\/group\/?language=es-MX&amp;referid=2799101002\" target=\"_blank\" rel=\"noreferrer noopener\">\ud83d\udc65 Viajo en grupo \u2013 Seguro de Viaje para Grupos<\/a><\/div>\n\n\n\n<div class=\"wp-block-button\"><a class=\"wp-block-button__link wp-element-button\" href=\"https:\/\/quote.worldtrips.com\/studentsecure\/?language=es-MX&amp;referid=2799101002\" target=\"_blank\" rel=\"noreferrer noopener\">\ud83c\udf93 Soy estudiante internacional \u2013 Seguro StudentSecure<\/a><\/div>\n<\/div>\n\n\n\n<hr class=\"wp-block-separator alignwide has-alpha-channel-opacity\"\/>\n\n\n\n<figure class=\"wp-block-embed is-type-video is-provider-youtube wp-block-embed-youtube wp-embed-aspect-16-9 wp-has-aspect-ratio\"><div class=\"wp-block-embed__wrapper\">\n<iframe loading=\"lazy\" title=\"Cotiza tu Seguro de Viaje en 3 minutos \u2013 ViajaSeguroHoy\" width=\"720\" height=\"405\" src=\"https:\/\/www.youtube.com\/embed\/oA4_IrWq6jE?feature=oembed\" frameborder=\"0\" allow=\"accelerometer; autoplay; clipboard-write; encrypted-media; gyroscope; picture-in-picture; web-share\" referrerpolicy=\"strict-origin-when-cross-origin\" allowfullscreen><\/iframe>\n<\/div><\/figure>\n\n\n\n<hr class=\"wp-block-separator alignwide has-alpha-channel-opacity\"\/>\n\n\n\n<div class=\"wp-block-media-text alignwide is-stacked-on-mobile\" style=\"grid-template-columns:15% auto\"><figure class=\"wp-block-media-text__media\"><img loading=\"lazy\" decoding=\"async\" width=\"1024\" height=\"1024\" src=\"https:\/\/viajasegurohoy.com\/wp-content\/uploads\/2025\/06\/cropped-logo-VIAJASEGUROHOY-gp-png-solo-dibujo.png\" alt=\"\" class=\"wp-image-77 size-full\" srcset=\"https:\/\/viajasegurohoy.com\/wp-content\/uploads\/2025\/06\/cropped-logo-VIAJASEGUROHOY-gp-png-solo-dibujo.png 1024w, https:\/\/viajasegurohoy.com\/wp-content\/uploads\/2025\/06\/cropped-logo-VIAJASEGUROHOY-gp-png-solo-dibujo-300x300.png 300w, https:\/\/viajasegurohoy.com\/wp-content\/uploads\/2025\/06\/cropped-logo-VIAJASEGUROHOY-gp-png-solo-dibujo-150x150.png 150w, https:\/\/viajasegurohoy.com\/wp-content\/uploads\/2025\/06\/cropped-logo-VIAJASEGUROHOY-gp-png-solo-dibujo-768x768.png 768w\" sizes=\"auto, (max-width: 1024px) 100vw, 1024px\" \/><\/figure><div class=\"wp-block-media-text__content\">\n<p class=\"has-theme-palette-3-color has-text-color has-background has-link-color has-medium-font-size wp-elements-3d01e9342810351a4a10a350f71b1331\" style=\"background-color:#c8cdd1\"><strong>\u00bfPor qu\u00e9 recomiendo estos seguros?<\/strong><\/p>\n\n\n\n<p class=\"has-text-align-left has-theme-palette-3-color has-text-color has-background has-link-color has-small-font-size wp-elements-f473a545334534fcd565716f014ceccb\" style=\"background-color:#c8cdd1\">Los seguros que encuentras en esta p\u00e1gina han sido seleccionados a partir de mi <strong>experiencia como asesor con m\u00e1s de 10 a\u00f1os<\/strong>. Trabajo solo con <strong>empresas confiables y con respaldo internacional comprobado<\/strong>, como <strong>Trawick International<\/strong> y <strong>Atlas Travel\u00ae<\/strong>. Han demostrado cumplir incluso en tiempos dif\u00edciles como durante el COVID-19, y hoy siguen ofreciendo una excelente cobertura. Estas opciones est\u00e1n enfocadas principalmente en lo que m\u00e1s importa al viajar: <strong>emergencias m\u00e9dicas, hospitalizaci\u00f3n, accidentes y enfermedades inesperadas<\/strong>.<\/p>\n<\/div><\/div>\n\n\n\n<p><\/p>\n","protected":false},"excerpt":{"rendered":"<p>Cotiza y compra tu seguro de viaje 100% online \u2013 R\u00e1pido y confiable. Haz clic en cualquiera de los botones seg\u00fan tu destino. \u00bfPor qu\u00e9 recomiendo estos seguros? Los seguros que encuentras en esta p\u00e1gina han sido seleccionados a partir de mi experiencia como asesor con m\u00e1s de 10 a\u00f1os. Trabajo solo con empresas confiables&#8230;<\/p>\n","protected":false},"author":1,"featured_media":0,"parent":0,"menu_order":0,"comment_status":"closed","ping_status":"closed","template":"","meta":{"_kadence_starter_templates_imported_post":false,"_kad_post_transparent":"","_kad_post_title":"","_kad_post_layout":"normal","_kad_post_sidebar_id":"","_kad_post_content_style":"","_kad_post_vertical_padding":"","_kad_post_feature":"","_kad_post_feature_position":"","_kad_post_header":false,"_kad_post_footer":false,"footnotes":""},"class_list":["post-16","page","type-page","status-publish","hentry"],"_links":{"self":[{"href":"https:\/\/viajasegurohoy.com\/index.php\/wp-json\/wp\/v2\/pages\/16","targetHints":{"allow":["GET"]}}],"collection":[{"href":"https:\/\/viajasegurohoy.com\/index.php\/wp-json\/wp\/v2\/pages"}],"about":[{"href":"https:\/\/viajasegurohoy.com\/index.php\/wp-json\/wp\/v2\/types\/page"}],"author":[{"embeddable":true,"href":"https:\/\/viajasegurohoy.com\/index.php\/wp-json\/wp\/v2\/users\/1"}],"replies":[{"embeddable":true,"href":"https:\/\/viajasegurohoy.com\/index.php\/wp-json\/wp\/v2\/comments?post=16"}],"version-history":[{"count":32,"href":"https:\/\/viajasegurohoy.com\/index.php\/wp-json\/wp\/v2\/pages\/16\/revisions"}],"predecessor-version":[{"id":100,"href":"https:\/\/viajasegurohoy.com\/index.php\/wp-json\/wp\/v2\/pages\/16\/revisions\/100"}],"wp:attachment":[{"href":"https:\/\/viajasegurohoy.com\/index.php\/wp-json\/wp\/v2\/media?parent=16"}],"curies":[{"name":"wp","href":"https:\/\/api.w.org\/{rel}","templated":true}]}}